{"id":777,"date":"2022-06-28T08:06:38","date_gmt":"2022-06-28T08:06:38","guid":{"rendered":"https:\/\/demo.creativethemes.com\/elementor\/web-agency\/?page_id=777"},"modified":"2023-10-19T16:21:30","modified_gmt":"2023-10-19T15:21:30","slug":"contact","status":"publish","type":"page","link":"https:\/\/matematykadasielubic.pl\/index.php\/contact\/","title":{"rendered":"Kontakt"},"content":{"rendered":"\t\t<div data-elementor-type=\"wp-page\" data-elementor-id=\"777\" class=\"elementor elementor-777\">\n\t\t\t\t<div class=\"elementor-element elementor-element-e5b55a1 e-flex e-con-boxed e-con e-parent\" data-id=\"e5b55a1\" data-element_type=\"container\" data-e-type=\"container\">\n\t\t\t\t\t<div class=\"e-con-inner\">\n\t\t\t\t<div class=\"elementor-element elementor-element-5a4c22d elementor-widget elementor-widget-heading\" data-id=\"5a4c22d\" data-element_type=\"widget\" data-e-type=\"widget\" data-widget_type=\"heading.default\">\n\t\t\t\t<div class=\"elementor-widget-container\">\n\t\t\t\t\t<h2 class=\"elementor-heading-title elementor-size-default\">Nie b\u00f3j si\u0119 pyta\u0107!<\/h2>\t\t\t\t<\/div>\n\t\t\t\t<\/div>\n\t\t\t\t<div class=\"elementor-element elementor-element-813ddbd elementor-widget elementor-widget-text-editor\" data-id=\"813ddbd\" data-element_type=\"widget\" data-e-type=\"widget\" data-widget_type=\"text-editor.default\">\n\t\t\t\t<div class=\"elementor-widget-container\">\n\t\t\t\t\t\t\t\t\t<p>Je\u015bli masz z czym\u015b trudno\u015b\u0107, spr\u00f3bowa\u0142a\u015b\/e\u015b ju\u017c wszystkich metod i \u017ar\u00f3de\u0142 ale utkn\u0105\u0142e\u015b &#8211; napisz, postaram si\u0119 pom\u00f3c.<\/p>\t\t\t\t\t\t\t\t<\/div>\n\t\t\t\t<\/div>\n\t\t<div class=\"elementor-element elementor-element-fe64c95 e-flex e-con-boxed e-con e-child\" data-id=\"fe64c95\" data-element_type=\"container\" data-e-type=\"container\">\n\t\t\t\t\t<div class=\"e-con-inner\">\n\t\t<div class=\"elementor-element elementor-element-38b1123 e-flex e-con-boxed e-con e-child\" data-id=\"38b1123\" data-element_type=\"container\" data-e-type=\"container\">\n\t\t\t\t\t<div class=\"e-con-inner\">\n\t\t\t\t<div class=\"elementor-element elementor-element-42f3655 elementor-widget elementor-widget-image\" data-id=\"42f3655\" data-element_type=\"widget\" data-e-type=\"widget\" data-widget_type=\"image.default\">\n\t\t\t\t<div class=\"elementor-widget-container\">\n\t\t\t\t\t\t\t\t\t\t\t\t\t\t\t<img fetchpriority=\"high\" decoding=\"async\" width=\"630\" height=\"644\" src=\"https:\/\/matematykadasielubic.pl\/wp-content\/uploads\/2021\/07\/contact-form-image@2x.jpg\" class=\"attachment-large size-large wp-image-318\" alt=\"\" srcset=\"https:\/\/matematykadasielubic.pl\/wp-content\/uploads\/2021\/07\/contact-form-image@2x.jpg 630w, https:\/\/matematykadasielubic.pl\/wp-content\/uploads\/2021\/07\/contact-form-image@2x-293x300.jpg 293w\" sizes=\"(max-width: 630px) 100vw, 630px\" \/>\t\t\t\t\t\t\t\t\t\t\t\t\t\t\t<\/div>\n\t\t\t\t<\/div>\n\t\t\t\t\t<\/div>\n\t\t\t\t<\/div>\n\t\t<div class=\"elementor-element elementor-element-68dc474 e-flex e-con-boxed e-con e-child\" data-id=\"68dc474\" data-element_type=\"container\" data-e-type=\"container\">\n\t\t\t\t\t<div class=\"e-con-inner\">\n\t\t\t\t<div class=\"elementor-element elementor-element-c553d0b elementor-widget elementor-widget-wpforms\" data-id=\"c553d0b\" data-element_type=\"widget\" data-e-type=\"widget\" data-widget_type=\"wpforms.default\">\n\t\t\t\t<div class=\"elementor-widget-container\">\n\t\t\t\t\t<div class=\"wpforms-container wpforms-render-modern\" id=\"wpforms-298\"><form id=\"wpforms-form-298\" class=\"wpforms-validate wpforms-form\" data-formid=\"298\" method=\"post\" enctype=\"multipart\/form-data\" action=\"\/index.php\/wp-json\/wp\/v2\/pages\/777\" data-token=\"12b381294362a31c75035b8b2c168b5a\" data-token-time=\"1776702928\"><noscript class=\"wpforms-error-noscript\">Aby wype\u0142ni\u0107 ten formularz, w\u0142\u0105cz obs\u0142ug\u0119 JavaScript w przegl\u0105darce.<\/noscript><div id=\"wpforms-error-noscript\" style=\"display: none;\">Aby wype\u0142ni\u0107 ten formularz, w\u0142\u0105cz obs\u0142ug\u0119 JavaScript w przegl\u0105darce.<\/div><div class=\"wpforms-field-container\"><div id=\"wpforms-298-field_0-container\" class=\"wpforms-field wpforms-field-name\" data-field-id=\"0\"><label class=\"wpforms-field-label\" for=\"wpforms-298-field_0\">Imi\u0119 i nazwisko <span class=\"wpforms-required-label\" aria-hidden=\"true\">*<\/span><\/label><input type=\"text\" id=\"wpforms-298-field_0\" class=\"wpforms-field-large wpforms-field-required\" name=\"wpforms[fields][0]\" aria-errormessage=\"wpforms-298-field_0-error\" required><\/div><div id=\"wpforms-298-field_1-container\" class=\"wpforms-field wpforms-field-email\" data-field-id=\"1\"><label class=\"wpforms-field-label\" for=\"wpforms-298-field_1\">E-mail <span class=\"wpforms-required-label\" aria-hidden=\"true\">*<\/span><\/label><input type=\"email\" id=\"wpforms-298-field_1\" class=\"wpforms-field-large wpforms-field-required\" name=\"wpforms[fields][1]\" spellcheck=\"false\" aria-errormessage=\"wpforms-298-field_1-error\" required><\/div><div id=\"wpforms-298-field_3-container\" class=\"wpforms-field wpforms-field-text\" data-field-id=\"3\"><label class=\"wpforms-field-label\" for=\"wpforms-298-field_3\">Temat<\/label><input type=\"text\" id=\"wpforms-298-field_3\" class=\"wpforms-field-large\" name=\"wpforms[fields][3]\" aria-errormessage=\"wpforms-298-field_3-error\" ><\/div><div id=\"wpforms-298-field_2-container\" class=\"wpforms-field wpforms-field-textarea\" data-field-id=\"2\"><label class=\"wpforms-field-label\" for=\"wpforms-298-field_2\">Wiadomo\u015b\u0107 <span class=\"wpforms-required-label\" aria-hidden=\"true\">*<\/span><\/label><textarea id=\"wpforms-298-field_2\" class=\"wpforms-field-large wpforms-field-required\" name=\"wpforms[fields][2]\" aria-errormessage=\"wpforms-298-field_2-error\" required><\/textarea><\/div><\/div><!-- .wpforms-field-container --><div class=\"wpforms-submit-container\" ><input type=\"hidden\" name=\"wpforms[id]\" value=\"298\"><input type=\"hidden\" name=\"page_title\" value=\"\"><input type=\"hidden\" name=\"page_url\" value=\"https:\/\/matematykadasielubic.pl\/index.php\/wp-json\/wp\/v2\/pages\/777\"><input type=\"hidden\" name=\"url_referer\" value=\"\"><button type=\"submit\" name=\"wpforms[submit]\" id=\"wpforms-submit-298\" class=\"wpforms-submit\" data-alt-text=\"Wysy\u0142am ...\" data-submit-text=\"Wy\u015blij wiadomo\u015b\u0107\" aria-live=\"assertive\" value=\"wpforms-submit\">Wy\u015blij wiadomo\u015b\u0107<\/button><\/div><\/form><\/div>  <!-- .wpforms-container -->\t\t\t\t<\/div>\n\t\t\t\t<\/div>\n\t\t\t\t\t<\/div>\n\t\t\t\t<\/div>\n\t\t\t\t\t<\/div>\n\t\t\t\t<\/div>\n\t\t\t\t\t<\/div>\n\t\t\t\t<\/div>\n\t\t\t\t<\/div>\n\t\t","protected":false},"excerpt":{"rendered":"<p>Nie b\u00f3j si\u0119 pyta\u0107! Je\u015bli masz z czym\u015b trudno\u015b\u0107, spr\u00f3bowa\u0142a\u015b\/e\u015b ju\u017c wszystkich metod i \u017ar\u00f3de\u0142 ale utkn\u0105\u0142e\u015b &#8211; napisz, postaram si\u0119 pom\u00f3c. Aby wype\u0142ni\u0107 ten formularz, w\u0142\u0105cz obs\u0142ug\u0119 JavaScript w przegl\u0105darce.Aby wype\u0142ni\u0107 ten formularz, w\u0142\u0105cz obs\u0142ug\u0119 JavaScript w przegl\u0105darce.Name *Email *SubjectComment or Message * Send Message<\/p>\n","protected":false},"author":1,"featured_media":0,"parent":0,"menu_order":0,"comment_status":"closed","ping_status":"closed","template":"","meta":{"footnotes":""},"class_list":["post-777","page","type-page","status-publish","hentry"],"blocksy_meta":{"page_title_panel":"","has_hero_section":"disabled","1d03c0975884bb3313cce6dd2f1b30f2":"","hero_section":"type-1","hero_elements":[{"id":"custom_title","enabled":true,"heading_tag":"h1","title":"Home"},{"id":"custom_description","enabled":true,"description_visibility":{"desktop":true,"tablet":true,"mobile":false}},{"id":"custom_meta","enabled":false,"meta_elements":[{"id":"author","enabled":true,"label":"By","has_author_avatar":"yes","avatar_size":25},{"id":"post_date","enabled":true,"label":"On","date_format_source":"default","date_format":"M j, Y"},{"id":"updated_date","enabled":false,"label":"On","date_format_source":"default","date_format":"M j, Y"},{"id":"categories","enabled":false,"label":"In","style":"simple"},{"id":"comments","enabled":true}],"page_meta_elements":{"joined":true,"articles_count":true,"comments":true}},{"id":"breadcrumbs","enabled":false}],"297f415109f6d68645364fc3ee8b300d":"","hero_alignment1":"CT_CSS_SKIP_RULE","hero_margin":40,"hero_alignment2":"center","hero_vertical_alignment":"center","fd7b944a1016f6997ff05cca28a86507":"","hero_structure":"narrow","725835a220a806d2dede541683191d01":"","page_title_bg_type":"featured_image","custom_hero_background":{"attachment_id":null},"page_title_image_size":"full","parallax":{"desktop":false,"tablet":false,"mobile":false},"b75289ee406e0a1a57fb3394b341d4b2":"","hero_height":"250px","pageTitleFont":{"family":"Default","variation":"Default","size":"30px","line-height":"CT_CSS_SKIP_RULE","letter-spacing":"CT_CSS_SKIP_RULE","text-transform":"CT_CSS_SKIP_RULE","text-decoration":"CT_CSS_SKIP_RULE"},"pageTitleFontColor":{"default":{"color":"CT_CSS_SKIP_RULEDEFAULT"}},"pageMetaFont":{"family":"Default","variation":"n6","size":"12px","line-height":"1.3","letter-spacing":"CT_CSS_SKIP_RULE","text-transform":"uppercase","text-decoration":"CT_CSS_SKIP_RULE"},"pageMetaFontColor":{"default":{"color":"CT_CSS_SKIP_RULEDEFAULT"},"hover":{"color":"CT_CSS_SKIP_RULEDEFAULT"}},"page_meta_button_type_font_colors":{"default":{"color":"CT_CSS_SKIP_RULEDEFAULT"},"hover":{"color":"CT_CSS_SKIP_RULEDEFAULT"}},"page_meta_button_type_background_colors":{"default":{"color":"CT_CSS_SKIP_RULEDEFAULT"},"hover":{"color":"CT_CSS_SKIP_RULEDEFAULT"}},"pageExcerptFont":{"family":"Default","variation":"Default","size":"CT_CSS_SKIP_RULE","line-height":"CT_CSS_SKIP_RULE","letter-spacing":"CT_CSS_SKIP_RULE","text-transform":"CT_CSS_SKIP_RULE","text-decoration":"CT_CSS_SKIP_RULE"},"pageExcerptColor":{"default":{"color":"CT_CSS_SKIP_RULEDEFAULT"}},"breadcrumbsFont":{"family":"Default","variation":"Default","size":"CT_CSS_SKIP_RULE","line-height":"CT_CSS_SKIP_RULE","letter-spacing":"CT_CSS_SKIP_RULE","text-transform":"CT_CSS_SKIP_RULE","text-decoration":"CT_CSS_SKIP_RULE"},"breadcrumbsFontColor":{"default":{"color":"CT_CSS_SKIP_RULEDEFAULT"},"initial":{"color":"CT_CSS_SKIP_RULEDEFAULT"},"hover":{"color":"CT_CSS_SKIP_RULEDEFAULT"}},"pageTitleOverlay":{"background_type":"color","background_pattern":"type-1","background_image":{"attachment_id":null,"x":0,"y":0},"gradient":"linear-gradient(135deg,rgba(6,147,227,1) 0%,rgb(155,81,224) 100%)","background_repeat":"repeat","background_size":"auto","background_attachment":"scroll","patternColor":{"default":{"color":"#e5e7ea"}},"overlayColor":{"default":{"color":"CT_CSS_SKIP_RULE"}},"backgroundColor":{"default":{"color":"CT_CSS_SKIP_RULE"}}},"pageTitleBackground":{"background_type":"color","background_pattern":"type-1","background_image":{"attachment_id":null,"x":0,"y":0},"gradient":"linear-gradient(135deg,rgba(6,147,227,1) 0%,rgb(155,81,224) 100%)","background_repeat":"repeat","background_size":"auto","background_attachment":"scroll","patternColor":{"default":{"color":"#e5e7ea"}},"overlayColor":{"default":{"color":"CT_CSS_SKIP_RULE"}},"backgroundColor":{"default":{"color":"var(--theme-palette-color-6)"}}},"pageTitlePadding":{"top":"50px","bottom":"50px","left":"auto","right":"auto","linked":true},"52e632a4882fbb110ac4f3f941ac88e6":"","page_structure_type":"default","3e83552c4a6b912d9fa29eff61d1cc2c":"","content_style_source":"inherit","content_style":"wide","vertical_spacing_source":"custom","content_area_spacing":"none","background":{"background_type":"color","background_pattern":"type-1","background_image":{"attachment_id":null,"x":0,"y":0},"gradient":"linear-gradient(135deg,rgba(6,147,227,1) 0%,rgb(155,81,224) 100%)","background_repeat":"repeat","background_size":"auto","background_attachment":"scroll","patternColor":{"default":{"color":"#e5e7ea"}},"overlayColor":{"default":{"color":"CT_CSS_SKIP_RULE"}},"backgroundColor":{"default":{"color":"CT_CSS_SKIP_RULE"}}},"content_background":{"background_type":"color","background_pattern":"type-1","background_image":{"attachment_id":null,"x":0,"y":0},"gradient":"linear-gradient(135deg,rgba(6,147,227,1) 0%,rgb(155,81,224) 100%)","background_repeat":"repeat","background_size":"auto","background_attachment":"scroll","patternColor":{"default":{"color":"#e5e7ea"}},"overlayColor":{"default":{"color":"CT_CSS_SKIP_RULE"}},"backgroundColor":{"default":{"color":"var(--theme-palette-color-8)"}}},"content_boxed_shadow":{"inherit":false,"blur":18,"spread":-6,"v_offset":12,"h_offset":0,"inset":false,"enable":true,"color":{"color":"rgba(34, 56, 101, 0.04)"}},"content_boxed_border":{"width":1,"style":"none","color":{"color":"rgba(44,62,80,0.2)"}},"content_boxed_radius":{"top":"3px","bottom":"3px","left":"3px","right":"3px","linked":true},"boxed_content_spacing":{"desktop":{"top":"40px","bottom":"40px","left":"40px","right":"40px","linked":true},"tablet":{"top":"35px","bottom":"35px","left":"35px","right":"35px","linked":true},"mobile":{"top":"20px","bottom":"20px","left":"20px","right":"20px","linked":true}},"62eb854e9eef5c3ecdd8032d26f48ece":"","disable_featured_image":"no","disable_share_box":"no","disable_header":"no","disable_footer":"no","styles_descriptor":{"styles":{"desktop":"","tablet":"","mobile":""},"google_fonts":[],"version":6}},"yoast_head":"<!-- This site is optimized with the Yoast SEO plugin v27.4 - https:\/\/yoast.com\/product\/yoast-seo-wordpress\/ -->\n<title>Kontakt - Matematyka Da si\u0119 lubi\u0107<\/title>\n<meta name=\"robots\" content=\"index, follow, max-snippet:-1, max-image-preview:large, max-video-preview:-1\" \/>\n<link rel=\"canonical\" href=\"https:\/\/matematykadasielubic.pl\/index.php\/contact\/\" \/>\n<meta property=\"og:locale\" content=\"pl_PL\" \/>\n<meta property=\"og:type\" content=\"article\" \/>\n<meta property=\"og:title\" content=\"Kontakt - Matematyka Da si\u0119 lubi\u0107\" \/>\n<meta property=\"og:description\" content=\"Nie b\u00f3j si\u0119 pyta\u0107! Je\u015bli masz z czym\u015b trudno\u015b\u0107, spr\u00f3bowa\u0142a\u015b\/e\u015b ju\u017c wszystkich metod i \u017ar\u00f3de\u0142 ale utkn\u0105\u0142e\u015b &#8211; napisz, postaram si\u0119 pom\u00f3c. Aby wype\u0142ni\u0107 ten formularz, w\u0142\u0105cz obs\u0142ug\u0119 JavaScript w przegl\u0105darce.Aby wype\u0142ni\u0107 ten formularz, w\u0142\u0105cz obs\u0142ug\u0119 JavaScript w przegl\u0105darce.Name *Email *SubjectComment or Message * Send Message\" \/>\n<meta property=\"og:url\" content=\"https:\/\/matematykadasielubic.pl\/index.php\/contact\/\" \/>\n<meta property=\"og:site_name\" content=\"Matematyka Da si\u0119 lubi\u0107\" \/>\n<meta property=\"article:modified_time\" content=\"2023-10-19T15:21:30+00:00\" \/>\n<meta property=\"og:image\" content=\"http:\/\/matematykadasielubic.pl\/wp-content\/uploads\/2021\/07\/contact-form-image@2x.jpg\" \/>\n<meta name=\"twitter:card\" content=\"summary_large_image\" \/>\n<script type=\"application\/ld+json\" class=\"yoast-schema-graph\">{\"@context\":\"https:\\\/\\\/schema.org\",\"@graph\":[{\"@type\":\"ScholarlyArticle\",\"@id\":\"https:\\\/\\\/matematykadasielubic.pl\\\/index.php\\\/contact\\\/#article\",\"isPartOf\":{\"@id\":\"https:\\\/\\\/matematykadasielubic.pl\\\/index.php\\\/contact\\\/\"},\"author\":{\"name\":\"admin1587\",\"@id\":\"https:\\\/\\\/matematykadasielubic.pl\\\/#\\\/schema\\\/person\\\/8b27c5013b582603a170dfc22cafa7e1\"},\"headline\":\"Kontakt\",\"datePublished\":\"2022-06-28T08:06:38+00:00\",\"dateModified\":\"2023-10-19T15:21:30+00:00\",\"mainEntityOfPage\":{\"@id\":\"https:\\\/\\\/matematykadasielubic.pl\\\/index.php\\\/contact\\\/\"},\"wordCount\":65,\"publisher\":{\"@id\":\"https:\\\/\\\/matematykadasielubic.pl\\\/#\\\/schema\\\/person\\\/7ca8a69b8878d76ca153c12d3009db54\"},\"image\":{\"@id\":\"https:\\\/\\\/matematykadasielubic.pl\\\/index.php\\\/contact\\\/#primaryimage\"},\"thumbnailUrl\":\"http:\\\/\\\/matematykadasielubic.pl\\\/wp-content\\\/uploads\\\/2021\\\/07\\\/contact-form-image@2x.jpg\",\"inLanguage\":\"pl-PL\"},{\"@type\":\"WebPage\",\"@id\":\"https:\\\/\\\/matematykadasielubic.pl\\\/index.php\\\/contact\\\/\",\"url\":\"https:\\\/\\\/matematykadasielubic.pl\\\/index.php\\\/contact\\\/\",\"name\":\"Kontakt - Matematyka Da si\u0119 lubi\u0107\",\"isPartOf\":{\"@id\":\"https:\\\/\\\/matematykadasielubic.pl\\\/#website\"},\"primaryImageOfPage\":{\"@id\":\"https:\\\/\\\/matematykadasielubic.pl\\\/index.php\\\/contact\\\/#primaryimage\"},\"image\":{\"@id\":\"https:\\\/\\\/matematykadasielubic.pl\\\/index.php\\\/contact\\\/#primaryimage\"},\"thumbnailUrl\":\"http:\\\/\\\/matematykadasielubic.pl\\\/wp-content\\\/uploads\\\/2021\\\/07\\\/contact-form-image@2x.jpg\",\"datePublished\":\"2022-06-28T08:06:38+00:00\",\"dateModified\":\"2023-10-19T15:21:30+00:00\",\"breadcrumb\":{\"@id\":\"https:\\\/\\\/matematykadasielubic.pl\\\/index.php\\\/contact\\\/#breadcrumb\"},\"inLanguage\":\"pl-PL\",\"potentialAction\":[{\"@type\":\"ReadAction\",\"target\":[\"https:\\\/\\\/matematykadasielubic.pl\\\/index.php\\\/contact\\\/\"]}]},{\"@type\":\"ImageObject\",\"inLanguage\":\"pl-PL\",\"@id\":\"https:\\\/\\\/matematykadasielubic.pl\\\/index.php\\\/contact\\\/#primaryimage\",\"url\":\"http:\\\/\\\/matematykadasielubic.pl\\\/wp-content\\\/uploads\\\/2021\\\/07\\\/contact-form-image@2x.jpg\",\"contentUrl\":\"http:\\\/\\\/matematykadasielubic.pl\\\/wp-content\\\/uploads\\\/2021\\\/07\\\/contact-form-image@2x.jpg\"},{\"@type\":\"BreadcrumbList\",\"@id\":\"https:\\\/\\\/matematykadasielubic.pl\\\/index.php\\\/contact\\\/#breadcrumb\",\"itemListElement\":[{\"@type\":\"ListItem\",\"position\":1,\"name\":\"Strona g\u0142\u00f3wna\",\"item\":\"https:\\\/\\\/matematykadasielubic.pl\\\/\"},{\"@type\":\"ListItem\",\"position\":2,\"name\":\"Kontakt\"}]},{\"@type\":\"WebSite\",\"@id\":\"https:\\\/\\\/matematykadasielubic.pl\\\/#website\",\"url\":\"https:\\\/\\\/matematykadasielubic.pl\\\/\",\"name\":\"Matematyka Da si\u0119 lubi\u0107\",\"description\":\"Matematyka Naprawd\u0119 Da Si\u0119 Lubi\u0107 :D\",\"publisher\":{\"@id\":\"https:\\\/\\\/matematykadasielubic.pl\\\/#\\\/schema\\\/person\\\/7ca8a69b8878d76ca153c12d3009db54\"},\"potentialAction\":[{\"@type\":\"SearchAction\",\"target\":{\"@type\":\"EntryPoint\",\"urlTemplate\":\"https:\\\/\\\/matematykadasielubic.pl\\\/?s={search_term_string}\"},\"query-input\":{\"@type\":\"PropertyValueSpecification\",\"valueRequired\":true,\"valueName\":\"search_term_string\"}}],\"inLanguage\":\"pl-PL\"},{\"@type\":[\"Person\",\"Organization\"],\"@id\":\"https:\\\/\\\/matematykadasielubic.pl\\\/#\\\/schema\\\/person\\\/7ca8a69b8878d76ca153c12d3009db54\",\"name\":\"Joanna Kowalonek\",\"image\":{\"@type\":\"ImageObject\",\"inLanguage\":\"pl-PL\",\"@id\":\"https:\\\/\\\/matematykadasielubic.pl\\\/wp-content\\\/uploads\\\/2022\\\/06\\\/services-icon-3.svg\",\"url\":\"https:\\\/\\\/matematykadasielubic.pl\\\/wp-content\\\/uploads\\\/2022\\\/06\\\/services-icon-3.svg\",\"contentUrl\":\"https:\\\/\\\/matematykadasielubic.pl\\\/wp-content\\\/uploads\\\/2022\\\/06\\\/services-icon-3.svg\",\"width\":70,\"height\":70,\"caption\":\"Joanna Kowalonek\"},\"logo\":{\"@id\":\"https:\\\/\\\/matematykadasielubic.pl\\\/wp-content\\\/uploads\\\/2022\\\/06\\\/services-icon-3.svg\"}},{\"@type\":\"Person\",\"@id\":\"https:\\\/\\\/matematykadasielubic.pl\\\/#\\\/schema\\\/person\\\/8b27c5013b582603a170dfc22cafa7e1\",\"name\":\"admin1587\",\"image\":{\"@type\":\"ImageObject\",\"inLanguage\":\"pl-PL\",\"@id\":\"https:\\\/\\\/secure.gravatar.com\\\/avatar\\\/ff7484143f44c77a1ed759652ac97c837277013d15d425d65ac1e6018a64d7f3?s=96&d=mm&r=g\",\"url\":\"https:\\\/\\\/secure.gravatar.com\\\/avatar\\\/ff7484143f44c77a1ed759652ac97c837277013d15d425d65ac1e6018a64d7f3?s=96&d=mm&r=g\",\"contentUrl\":\"https:\\\/\\\/secure.gravatar.com\\\/avatar\\\/ff7484143f44c77a1ed759652ac97c837277013d15d425d65ac1e6018a64d7f3?s=96&d=mm&r=g\",\"caption\":\"admin1587\"},\"sameAs\":[\"http:\\\/\\\/matematykadasielubic.pl\"],\"url\":\"https:\\\/\\\/matematykadasielubic.pl\\\/index.php\\\/author\\\/admin1587\\\/\"}]}<\/script>\n<!-- \/ Yoast SEO plugin. -->","yoast_head_json":{"title":"Kontakt - Matematyka Da si\u0119 lubi\u0107","robots":{"index":"index","follow":"follow","max-snippet":"max-snippet:-1","max-image-preview":"max-image-preview:large","max-video-preview":"max-video-preview:-1"},"canonical":"https:\/\/matematykadasielubic.pl\/index.php\/contact\/","og_locale":"pl_PL","og_type":"article","og_title":"Kontakt - Matematyka Da si\u0119 lubi\u0107","og_description":"Nie b\u00f3j si\u0119 pyta\u0107! Je\u015bli masz z czym\u015b trudno\u015b\u0107, spr\u00f3bowa\u0142a\u015b\/e\u015b ju\u017c wszystkich metod i \u017ar\u00f3de\u0142 ale utkn\u0105\u0142e\u015b &#8211; napisz, postaram si\u0119 pom\u00f3c. Aby wype\u0142ni\u0107 ten formularz, w\u0142\u0105cz obs\u0142ug\u0119 JavaScript w przegl\u0105darce.Aby wype\u0142ni\u0107 ten formularz, w\u0142\u0105cz obs\u0142ug\u0119 JavaScript w przegl\u0105darce.Name *Email *SubjectComment or Message * Send Message","og_url":"https:\/\/matematykadasielubic.pl\/index.php\/contact\/","og_site_name":"Matematyka Da si\u0119 lubi\u0107","article_modified_time":"2023-10-19T15:21:30+00:00","og_image":[{"url":"http:\/\/matematykadasielubic.pl\/wp-content\/uploads\/2021\/07\/contact-form-image@2x.jpg","type":"","width":"","height":""}],"twitter_card":"summary_large_image","schema":{"@context":"https:\/\/schema.org","@graph":[{"@type":"ScholarlyArticle","@id":"https:\/\/matematykadasielubic.pl\/index.php\/contact\/#article","isPartOf":{"@id":"https:\/\/matematykadasielubic.pl\/index.php\/contact\/"},"author":{"name":"admin1587","@id":"https:\/\/matematykadasielubic.pl\/#\/schema\/person\/8b27c5013b582603a170dfc22cafa7e1"},"headline":"Kontakt","datePublished":"2022-06-28T08:06:38+00:00","dateModified":"2023-10-19T15:21:30+00:00","mainEntityOfPage":{"@id":"https:\/\/matematykadasielubic.pl\/index.php\/contact\/"},"wordCount":65,"publisher":{"@id":"https:\/\/matematykadasielubic.pl\/#\/schema\/person\/7ca8a69b8878d76ca153c12d3009db54"},"image":{"@id":"https:\/\/matematykadasielubic.pl\/index.php\/contact\/#primaryimage"},"thumbnailUrl":"http:\/\/matematykadasielubic.pl\/wp-content\/uploads\/2021\/07\/contact-form-image@2x.jpg","inLanguage":"pl-PL"},{"@type":"WebPage","@id":"https:\/\/matematykadasielubic.pl\/index.php\/contact\/","url":"https:\/\/matematykadasielubic.pl\/index.php\/contact\/","name":"Kontakt - Matematyka Da si\u0119 lubi\u0107","isPartOf":{"@id":"https:\/\/matematykadasielubic.pl\/#website"},"primaryImageOfPage":{"@id":"https:\/\/matematykadasielubic.pl\/index.php\/contact\/#primaryimage"},"image":{"@id":"https:\/\/matematykadasielubic.pl\/index.php\/contact\/#primaryimage"},"thumbnailUrl":"http:\/\/matematykadasielubic.pl\/wp-content\/uploads\/2021\/07\/contact-form-image@2x.jpg","datePublished":"2022-06-28T08:06:38+00:00","dateModified":"2023-10-19T15:21:30+00:00","breadcrumb":{"@id":"https:\/\/matematykadasielubic.pl\/index.php\/contact\/#breadcrumb"},"inLanguage":"pl-PL","potentialAction":[{"@type":"ReadAction","target":["https:\/\/matematykadasielubic.pl\/index.php\/contact\/"]}]},{"@type":"ImageObject","inLanguage":"pl-PL","@id":"https:\/\/matematykadasielubic.pl\/index.php\/contact\/#primaryimage","url":"http:\/\/matematykadasielubic.pl\/wp-content\/uploads\/2021\/07\/contact-form-image@2x.jpg","contentUrl":"http:\/\/matematykadasielubic.pl\/wp-content\/uploads\/2021\/07\/contact-form-image@2x.jpg"},{"@type":"BreadcrumbList","@id":"https:\/\/matematykadasielubic.pl\/index.php\/contact\/#breadcrumb","itemListElement":[{"@type":"ListItem","position":1,"name":"Strona g\u0142\u00f3wna","item":"https:\/\/matematykadasielubic.pl\/"},{"@type":"ListItem","position":2,"name":"Kontakt"}]},{"@type":"WebSite","@id":"https:\/\/matematykadasielubic.pl\/#website","url":"https:\/\/matematykadasielubic.pl\/","name":"Matematyka Da si\u0119 lubi\u0107","description":"Matematyka Naprawd\u0119 Da Si\u0119 Lubi\u0107 :D","publisher":{"@id":"https:\/\/matematykadasielubic.pl\/#\/schema\/person\/7ca8a69b8878d76ca153c12d3009db54"},"potentialAction":[{"@type":"SearchAction","target":{"@type":"EntryPoint","urlTemplate":"https:\/\/matematykadasielubic.pl\/?s={search_term_string}"},"query-input":{"@type":"PropertyValueSpecification","valueRequired":true,"valueName":"search_term_string"}}],"inLanguage":"pl-PL"},{"@type":["Person","Organization"],"@id":"https:\/\/matematykadasielubic.pl\/#\/schema\/person\/7ca8a69b8878d76ca153c12d3009db54","name":"Joanna Kowalonek","image":{"@type":"ImageObject","inLanguage":"pl-PL","@id":"https:\/\/matematykadasielubic.pl\/wp-content\/uploads\/2022\/06\/services-icon-3.svg","url":"https:\/\/matematykadasielubic.pl\/wp-content\/uploads\/2022\/06\/services-icon-3.svg","contentUrl":"https:\/\/matematykadasielubic.pl\/wp-content\/uploads\/2022\/06\/services-icon-3.svg","width":70,"height":70,"caption":"Joanna Kowalonek"},"logo":{"@id":"https:\/\/matematykadasielubic.pl\/wp-content\/uploads\/2022\/06\/services-icon-3.svg"}},{"@type":"Person","@id":"https:\/\/matematykadasielubic.pl\/#\/schema\/person\/8b27c5013b582603a170dfc22cafa7e1","name":"admin1587","image":{"@type":"ImageObject","inLanguage":"pl-PL","@id":"https:\/\/secure.gravatar.com\/avatar\/ff7484143f44c77a1ed759652ac97c837277013d15d425d65ac1e6018a64d7f3?s=96&d=mm&r=g","url":"https:\/\/secure.gravatar.com\/avatar\/ff7484143f44c77a1ed759652ac97c837277013d15d425d65ac1e6018a64d7f3?s=96&d=mm&r=g","contentUrl":"https:\/\/secure.gravatar.com\/avatar\/ff7484143f44c77a1ed759652ac97c837277013d15d425d65ac1e6018a64d7f3?s=96&d=mm&r=g","caption":"admin1587"},"sameAs":["http:\/\/matematykadasielubic.pl"],"url":"https:\/\/matematykadasielubic.pl\/index.php\/author\/admin1587\/"}]}},"_links":{"self":[{"href":"https:\/\/matematykadasielubic.pl\/index.php\/wp-json\/wp\/v2\/pages\/777","targetHints":{"allow":["GET"]}}],"collection":[{"href":"https:\/\/matematykadasielubic.pl\/index.php\/wp-json\/wp\/v2\/pages"}],"about":[{"href":"https:\/\/matematykadasielubic.pl\/index.php\/wp-json\/wp\/v2\/types\/page"}],"author":[{"embeddable":true,"href":"https:\/\/matematykadasielubic.pl\/index.php\/wp-json\/wp\/v2\/users\/1"}],"replies":[{"embeddable":true,"href":"https:\/\/matematykadasielubic.pl\/index.php\/wp-json\/wp\/v2\/comments?post=777"}],"version-history":[{"count":7,"href":"https:\/\/matematykadasielubic.pl\/index.php\/wp-json\/wp\/v2\/pages\/777\/revisions"}],"predecessor-version":[{"id":2658,"href":"https:\/\/matematykadasielubic.pl\/index.php\/wp-json\/wp\/v2\/pages\/777\/revisions\/2658"}],"wp:attachment":[{"href":"https:\/\/matematykadasielubic.pl\/index.php\/wp-json\/wp\/v2\/media?parent=777"}],"curies":[{"name":"wp","href":"https:\/\/api.w.org\/{rel}","templated":true}]}}